{"id":3187,"date":"2024-12-28T22:50:10","date_gmt":"2024-12-29T01:50:10","guid":{"rendered":"https:\/\/bahiapesada.com.br\/?page_id=3187"},"modified":"2024-12-29T00:21:49","modified_gmt":"2024-12-29T03:21:49","slug":"contato","status":"publish","type":"page","link":"https:\/\/bahiapesada.com.br\/?page_id=3187","title":{"rendered":"Contato"},"content":{"rendered":"\n<div class=\"wp-block-group has-global-padding is-layout-constrained wp-block-group-is-layout-constrained\">\n<p>E-mail: bapesada@gmail.com<\/p>\n\n\n\n<p>Instagram: <a href=\"https:\/\/instagram.com\/bahiapesada\" target=\"_blank\" rel=\"noreferrer noopener\">instagram.com\/bahiapesada<\/a><\/p>\n\n\n\n<div style=\"height:30px\" aria-hidden=\"true\" class=\"wp-block-spacer\"><\/div>\n\n\n\n<h2 class=\"wp-block-heading\">N\u00e3o encontrou sua banda por aqui?<\/h2>\n\n\n\n<p>Envie suas informa\u00e7\u00f5es no formul\u00e1rio<\/p>\n\n\n\n<div class=\"wpcf7 no-js\" id=\"wpcf7-f3391-o1\" lang=\"pt-BR\" dir=\"ltr\" data-wpcf7-id=\"3391\">\n<div class=\"screen-reader-response\"><p role=\"status\" aria-live=\"polite\" aria-atomic=\"true\"><\/p> <ul><\/ul><\/div>\n<form action=\"\/index.php?rest_route=%2Fwp%2Fv2%2Fpages%2F3187#wpcf7-f3391-o1\" method=\"post\" class=\"wpcf7-form init\" aria-label=\"Formul\u00e1rios de contato\" novalidate=\"novalidate\" data-status=\"init\">\n<fieldset class=\"hidden-fields-container\"><input type=\"hidden\" name=\"_wpcf7\" value=\"3391\" \/><input type=\"hidden\" name=\"_wpcf7_version\" value=\"6.1.5\" \/><input type=\"hidden\" name=\"_wpcf7_locale\" value=\"pt_BR\" \/><input type=\"hidden\" name=\"_wpcf7_unit_tag\" value=\"wpcf7-f3391-o1\" \/><input type=\"hidden\" name=\"_wpcf7_container_post\" value=\"0\" \/><input type=\"hidden\" name=\"_wpcf7_posted_data_hash\" value=\"\" \/>\n<\/fieldset>\n<div class=\"alert alert-warning\" role=\"alert\">\n\t<p>Esse formul\u00e1rio \u00e9 exclusivo para bandas que j\u00e1 lan\u00e7aram algum single ou \u00e1lbum. Tamb\u00e9m iremos dar prefer\u00eancia para bandas que possuem ao menos um lan\u00e7amento em streamings como Spotify ou Youtube.\n\t<\/p>\n<\/div>\n<h3>Seu contato\n<\/h3>\n<div class=\"row\">\n\t<div class=\"col-md-4\">\n\t\t<p><label class=\"w-100\"> Seu nome*<br \/>\n<span class=\"wpcf7-form-control-wrap\" data-name=\"your-name\"><input size=\"40\" maxlength=\"400\" class=\"wpcf7-form-control wpcf7-text wpcf7-validates-as-required w-100\" autocomplete=\"name\" aria-required=\"true\" aria-invalid=\"false\" value=\"\" type=\"text\" name=\"your-name\" \/><\/span> <\/label>\n\t\t<\/p>\n\t<\/div>\n\t<div class=\"col-md-4\">\n\t\t<p><label class=\"w-100\"> Seu e-mail*<br \/>\n<span class=\"wpcf7-form-control-wrap\" data-name=\"your-email\"><input size=\"40\" maxlength=\"400\" class=\"wpcf7-form-control wpcf7-email wpcf7-validates-as-required wpcf7-text wpcf7-validates-as-email w-100\" autocomplete=\"email\" aria-required=\"true\" aria-invalid=\"false\" value=\"\" type=\"email\" name=\"your-email\" \/><\/span> <\/label>\n\t\t<\/p>\n\t<\/div>\n<\/div>\n<hr class=\"d-md-block d-none\" \/>\n<h3>Informa\u00e7\u00f5es da banda\n<\/h3>\n<div class=\"row\">\n\t<div class=\"col-md-3\">\n\t\t<p><label class=\"w-100\"> Nome da banda*<br \/>\n<span class=\"wpcf7-form-control-wrap\" data-name=\"banda\"><input size=\"40\" maxlength=\"400\" class=\"wpcf7-form-control wpcf7-text wpcf7-validates-as-required w-100\" aria-required=\"true\" aria-invalid=\"false\" value=\"\" type=\"text\" name=\"banda\" \/><\/span> <\/label>\n\t\t<\/p>\n\t<\/div>\n\t<div class=\"col-md-3\">\n\t\t<p><label class=\"w-100\"> Cidade e estado*<br \/>\n<span class=\"wpcf7-form-control-wrap\" data-name=\"cidade\"><input size=\"40\" maxlength=\"400\" class=\"wpcf7-form-control wpcf7-text wpcf7-validates-as-required w-100\" aria-required=\"true\" aria-invalid=\"false\" placeholder=\"Ex: Xique-Xique\/BA\" value=\"\" type=\"text\" name=\"cidade\" \/><\/span> <\/label>\n\t\t<\/p>\n\t<\/div>\n\t<div class=\"col-md-3\">\n\t\t<p><label class=\"w-100\"> Estilo musical*<br \/>\n<span class=\"wpcf7-form-control-wrap\" data-name=\"estilo\"><input size=\"40\" maxlength=\"400\" class=\"wpcf7-form-control wpcf7-text wpcf7-validates-as-required w-100\" aria-required=\"true\" aria-invalid=\"false\" placeholder=\"Ex: Death Metal\" value=\"\" type=\"text\" name=\"estilo\" \/><\/span> <\/label>\n\t\t<\/p>\n\t<\/div>\n\t<div class=\"col-md-3\">\n\t\t<p><label class=\"w-100\"> Ano de forma\u00e7\u00e3o da banda*<br \/>\n<span class=\"wpcf7-form-control-wrap\" data-name=\"formacao\"><input class=\"wpcf7-form-control wpcf7-number wpcf7-validates-as-required wpcf7-validates-as-number w-100\" aria-required=\"true\" aria-invalid=\"false\" placeholder=\"Ex: 2023\" value=\"\" type=\"number\" name=\"formacao\" \/><\/span> <\/label>\n\t\t<\/p>\n\t<\/div>\n<hr class=\"d-md-block d-none\" \/>\n\t<div class=\"col-md-6\">\n\t\t<p><label class=\"w-100\"> Fale um pouco sobre a hist\u00f3ria da banda*<br \/>\n<span class=\"wpcf7-form-control-wrap\" data-name=\"historia\"><textarea cols=\"40\" rows=\"4\" maxlength=\"2000\" class=\"wpcf7-form-control wpcf7-textarea wpcf7-validates-as-required w-100\" aria-required=\"true\" aria-invalid=\"false\" name=\"historia\"><\/textarea><\/span> <\/label>\n\t\t<\/p>\n\t<\/div>\n\t<div class=\"col-md-6\">\n\t\t<p><label class=\"w-100\"> Nome dos integrantes da banda e respectivo instrumento*<br \/>\n<span class=\"wpcf7-form-control-wrap\" data-name=\"integrantes\"><textarea cols=\"40\" rows=\"4\" maxlength=\"2000\" class=\"wpcf7-form-control wpcf7-textarea wpcf7-validates-as-required w-100\" aria-required=\"true\" aria-invalid=\"false\" placeholder=\"Ex: Bruno (Guitarra), Jo\u00e3o (Vocal), etc...\" name=\"integrantes\"><\/textarea><\/span> <\/label>\n\t\t<\/p>\n\t<\/div>\n<\/div>\n<hr class=\"d-md-block d-none\" \/>\n<h3>Presen\u00e7a digital\n<\/h3>\n<div class=\"row\">\n\t<div class=\"col-md-3\">\n\t\t<p><label class=\"w-100\"> Link de perfil no Instagram<br \/>\n<span class=\"wpcf7-form-control-wrap\" data-name=\"instagram\"><input size=\"40\" maxlength=\"400\" class=\"wpcf7-form-control wpcf7-url wpcf7-text wpcf7-validates-as-url w-100\" aria-invalid=\"false\" value=\"\" type=\"url\" name=\"instagram\" \/><\/span> <\/label>\n\t\t<\/p>\n\t<\/div>\n\t<div class=\"col-md-3\">\n\t\t<p><label class=\"w-100\"> Link de canal do Youtube<br \/>\n<span class=\"wpcf7-form-control-wrap\" data-name=\"youtube\"><input size=\"40\" maxlength=\"400\" class=\"wpcf7-form-control wpcf7-url wpcf7-text wpcf7-validates-as-url w-100\" aria-invalid=\"false\" value=\"\" type=\"url\" name=\"youtube\" \/><\/span> <\/label>\n\t\t<\/p>\n\t<\/div>\n\t<div class=\"col-md-3\">\n\t\t<p><label class=\"w-100\"> Link de Spotify do artista<br \/>\n<span class=\"wpcf7-form-control-wrap\" data-name=\"spotify\"><input size=\"40\" maxlength=\"400\" class=\"wpcf7-form-control wpcf7-url wpcf7-text wpcf7-validates-as-url w-100\" aria-invalid=\"false\" value=\"\" type=\"url\" name=\"spotify\" \/><\/span> <\/label>\n\t\t<\/p>\n\t<\/div>\n\t<div class=\"col-md-3\">\n\t\t<p><label class=\"w-100\"> Qualquer outro link relevante<br \/>\n<span class=\"wpcf7-form-control-wrap\" data-name=\"maislink\"><input size=\"40\" maxlength=\"400\" class=\"wpcf7-form-control wpcf7-url wpcf7-text wpcf7-validates-as-url w-100\" aria-invalid=\"false\" value=\"\" type=\"url\" name=\"maislink\" \/><\/span> <\/label>\n\t\t<\/p>\n\t<\/div>\n<\/div>\n<p><input class=\"wpcf7-form-control wpcf7-submit has-spinner btn btn-primary\" type=\"submit\" value=\"Enviar\" \/>\n<\/p><div class=\"wpcf7-response-output\" aria-hidden=\"true\"><\/div>\n<\/form>\n<\/div>\n\n<\/div>\n","protected":false},"excerpt":{"rendered":"<p>E-mail: bapesada@gmail.com Instagram: instagram.com\/bahiapesada N\u00e3o encontrou sua banda por aqui? Envie suas informa\u00e7\u00f5es no formul\u00e1rio<\/p>\n","protected":false},"author":1,"featured_media":0,"parent":0,"menu_order":0,"comment_status":"closed","ping_status":"closed","template":"","meta":{"footnotes":""},"class_list":["post-3187","page","type-page","status-publish","hentry"],"yoast_head":"<!-- This site is optimized with the Yoast SEO plugin v27.3 - https:\/\/yoast.com\/product\/yoast-seo-wordpress\/ -->\n<title>Contato - Bahia Pesada<\/title>\n<meta name=\"robots\" content=\"index, follow, max-snippet:-1, max-image-preview:large, max-video-preview:-1\" \/>\n<link rel=\"canonical\" href=\"https:\/\/bahiapesada.com.br\/?page_id=3187\" \/>\n<meta property=\"og:locale\" content=\"pt_BR\" \/>\n<meta property=\"og:type\" content=\"article\" \/>\n<meta property=\"og:title\" content=\"Contato - Bahia Pesada\" \/>\n<meta property=\"og:description\" content=\"E-mail: bapesada@gmail.com Instagram: instagram.com\/bahiapesada N\u00e3o encontrou sua banda por aqui? Envie suas informa\u00e7\u00f5es no formul\u00e1rio\" \/>\n<meta property=\"og:url\" content=\"https:\/\/bahiapesada.com.br\/?page_id=3187\" \/>\n<meta property=\"og:site_name\" content=\"Bahia Pesada\" \/>\n<meta property=\"article:modified_time\" content=\"2024-12-29T03:21:49+00:00\" \/>\n<meta property=\"og:image\" content=\"https:\/\/bahiapesada.com.br\/wp-content\/uploads\/2024\/10\/img-metatag.png\" \/>\n\t<meta property=\"og:image:width\" content=\"1200\" \/>\n\t<meta property=\"og:image:height\" content=\"628\" \/>\n\t<meta property=\"og:image:type\" content=\"image\/png\" \/>\n<meta name=\"twitter:card\" content=\"summary_large_image\" \/>\n<meta name=\"twitter:label1\" content=\"Est. tempo de leitura\" \/>\n\t<meta name=\"twitter:data1\" content=\"1 minuto\" \/>\n<script type=\"application\/ld+json\" class=\"yoast-schema-graph\">{\"@context\":\"https:\\\/\\\/schema.org\",\"@graph\":[{\"@type\":\"WebPage\",\"@id\":\"https:\\\/\\\/bahiapesada.com.br\\\/?page_id=3187\",\"url\":\"https:\\\/\\\/bahiapesada.com.br\\\/?page_id=3187\",\"name\":\"Contato - Bahia Pesada\",\"isPartOf\":{\"@id\":\"https:\\\/\\\/bahiapesada.com.br\\\/#website\"},\"datePublished\":\"2024-12-29T01:50:10+00:00\",\"dateModified\":\"2024-12-29T03:21:49+00:00\",\"breadcrumb\":{\"@id\":\"https:\\\/\\\/bahiapesada.com.br\\\/?page_id=3187#breadcrumb\"},\"inLanguage\":\"pt-BR\",\"potentialAction\":[{\"@type\":\"ReadAction\",\"target\":[\"https:\\\/\\\/bahiapesada.com.br\\\/?page_id=3187\"]}]},{\"@type\":\"BreadcrumbList\",\"@id\":\"https:\\\/\\\/bahiapesada.com.br\\\/?page_id=3187#breadcrumb\",\"itemListElement\":[{\"@type\":\"ListItem\",\"position\":1,\"name\":\"In\u00edcio\",\"item\":\"https:\\\/\\\/bahiapesada.com.br\\\/\"},{\"@type\":\"ListItem\",\"position\":2,\"name\":\"Contato\"}]},{\"@type\":\"WebSite\",\"@id\":\"https:\\\/\\\/bahiapesada.com.br\\\/#website\",\"url\":\"https:\\\/\\\/bahiapesada.com.br\\\/\",\"name\":\"Bahia Pesada\",\"description\":\"Indica\u00e7\u00e3o de bandas autorais de rock e metal da Bahia.\",\"publisher\":{\"@id\":\"https:\\\/\\\/bahiapesada.com.br\\\/#\\\/schema\\\/person\\\/0395d63b7c02a27b659afd1d34b77bad\"},\"alternateName\":\"Um mar de indica\u00e7\u00f5es em \u00e1guas turbulentas\",\"potentialAction\":[{\"@type\":\"SearchAction\",\"target\":{\"@type\":\"EntryPoint\",\"urlTemplate\":\"https:\\\/\\\/bahiapesada.com.br\\\/?s={search_term_string}\"},\"query-input\":{\"@type\":\"PropertyValueSpecification\",\"valueRequired\":true,\"valueName\":\"search_term_string\"}}],\"inLanguage\":\"pt-BR\"},{\"@type\":[\"Person\",\"Organization\"],\"@id\":\"https:\\\/\\\/bahiapesada.com.br\\\/#\\\/schema\\\/person\\\/0395d63b7c02a27b659afd1d34b77bad\",\"name\":\"viruga\",\"image\":{\"@type\":\"ImageObject\",\"inLanguage\":\"pt-BR\",\"@id\":\"https:\\\/\\\/bahiapesada.com.br\\\/wp-content\\\/uploads\\\/2024\\\/10\\\/img-metatag.png\",\"url\":\"https:\\\/\\\/bahiapesada.com.br\\\/wp-content\\\/uploads\\\/2024\\\/10\\\/img-metatag.png\",\"contentUrl\":\"https:\\\/\\\/bahiapesada.com.br\\\/wp-content\\\/uploads\\\/2024\\\/10\\\/img-metatag.png\",\"width\":1200,\"height\":628,\"caption\":\"viruga\"},\"logo\":{\"@id\":\"https:\\\/\\\/bahiapesada.com.br\\\/wp-content\\\/uploads\\\/2024\\\/10\\\/img-metatag.png\"},\"sameAs\":[\"https:\\\/\\\/bahiapesada.com.br\"]}]}<\/script>\n<!-- \/ Yoast SEO plugin. -->","yoast_head_json":{"title":"Contato - Bahia Pesada","robots":{"index":"index","follow":"follow","max-snippet":"max-snippet:-1","max-image-preview":"max-image-preview:large","max-video-preview":"max-video-preview:-1"},"canonical":"https:\/\/bahiapesada.com.br\/?page_id=3187","og_locale":"pt_BR","og_type":"article","og_title":"Contato - Bahia Pesada","og_description":"E-mail: bapesada@gmail.com Instagram: instagram.com\/bahiapesada N\u00e3o encontrou sua banda por aqui? Envie suas informa\u00e7\u00f5es no formul\u00e1rio","og_url":"https:\/\/bahiapesada.com.br\/?page_id=3187","og_site_name":"Bahia Pesada","article_modified_time":"2024-12-29T03:21:49+00:00","og_image":[{"width":1200,"height":628,"url":"https:\/\/bahiapesada.com.br\/wp-content\/uploads\/2024\/10\/img-metatag.png","type":"image\/png"}],"twitter_card":"summary_large_image","twitter_misc":{"Est. tempo de leitura":"1 minuto"},"schema":{"@context":"https:\/\/schema.org","@graph":[{"@type":"WebPage","@id":"https:\/\/bahiapesada.com.br\/?page_id=3187","url":"https:\/\/bahiapesada.com.br\/?page_id=3187","name":"Contato - Bahia Pesada","isPartOf":{"@id":"https:\/\/bahiapesada.com.br\/#website"},"datePublished":"2024-12-29T01:50:10+00:00","dateModified":"2024-12-29T03:21:49+00:00","breadcrumb":{"@id":"https:\/\/bahiapesada.com.br\/?page_id=3187#breadcrumb"},"inLanguage":"pt-BR","potentialAction":[{"@type":"ReadAction","target":["https:\/\/bahiapesada.com.br\/?page_id=3187"]}]},{"@type":"BreadcrumbList","@id":"https:\/\/bahiapesada.com.br\/?page_id=3187#breadcrumb","itemListElement":[{"@type":"ListItem","position":1,"name":"In\u00edcio","item":"https:\/\/bahiapesada.com.br\/"},{"@type":"ListItem","position":2,"name":"Contato"}]},{"@type":"WebSite","@id":"https:\/\/bahiapesada.com.br\/#website","url":"https:\/\/bahiapesada.com.br\/","name":"Bahia Pesada","description":"Indica\u00e7\u00e3o de bandas autorais de rock e metal da Bahia.","publisher":{"@id":"https:\/\/bahiapesada.com.br\/#\/schema\/person\/0395d63b7c02a27b659afd1d34b77bad"},"alternateName":"Um mar de indica\u00e7\u00f5es em \u00e1guas turbulentas","potentialAction":[{"@type":"SearchAction","target":{"@type":"EntryPoint","urlTemplate":"https:\/\/bahiapesada.com.br\/?s={search_term_string}"},"query-input":{"@type":"PropertyValueSpecification","valueRequired":true,"valueName":"search_term_string"}}],"inLanguage":"pt-BR"},{"@type":["Person","Organization"],"@id":"https:\/\/bahiapesada.com.br\/#\/schema\/person\/0395d63b7c02a27b659afd1d34b77bad","name":"viruga","image":{"@type":"ImageObject","inLanguage":"pt-BR","@id":"https:\/\/bahiapesada.com.br\/wp-content\/uploads\/2024\/10\/img-metatag.png","url":"https:\/\/bahiapesada.com.br\/wp-content\/uploads\/2024\/10\/img-metatag.png","contentUrl":"https:\/\/bahiapesada.com.br\/wp-content\/uploads\/2024\/10\/img-metatag.png","width":1200,"height":628,"caption":"viruga"},"logo":{"@id":"https:\/\/bahiapesada.com.br\/wp-content\/uploads\/2024\/10\/img-metatag.png"},"sameAs":["https:\/\/bahiapesada.com.br"]}]}},"jetpack_sharing_enabled":true,"_links":{"self":[{"href":"https:\/\/bahiapesada.com.br\/index.php?rest_route=\/wp\/v2\/pages\/3187","targetHints":{"allow":["GET"]}}],"collection":[{"href":"https:\/\/bahiapesada.com.br\/index.php?rest_route=\/wp\/v2\/pages"}],"about":[{"href":"https:\/\/bahiapesada.com.br\/index.php?rest_route=\/wp\/v2\/types\/page"}],"author":[{"embeddable":true,"href":"https:\/\/bahiapesada.com.br\/index.php?rest_route=\/wp\/v2\/users\/1"}],"replies":[{"embeddable":true,"href":"https:\/\/bahiapesada.com.br\/index.php?rest_route=%2Fwp%2Fv2%2Fcomments&post=3187"}],"version-history":[{"count":6,"href":"https:\/\/bahiapesada.com.br\/index.php?rest_route=\/wp\/v2\/pages\/3187\/revisions"}],"predecessor-version":[{"id":3396,"href":"https:\/\/bahiapesada.com.br\/index.php?rest_route=\/wp\/v2\/pages\/3187\/revisions\/3396"}],"wp:attachment":[{"href":"https:\/\/bahiapesada.com.br\/index.php?rest_route=%2Fwp%2Fv2%2Fmedia&parent=3187"}],"curies":[{"name":"wp","href":"https:\/\/api.w.org\/{rel}","templated":true}]}}